{"id":30,"date":"2023-01-20T21:33:17","date_gmt":"2023-01-20T21:33:17","guid":{"rendered":"https:\/\/loewenzahn.support\/?page_id=30"},"modified":"2023-01-21T11:20:59","modified_gmt":"2023-01-21T11:20:59","slug":"unterstuetzen","status":"publish","type":"page","link":"https:\/\/loewenzahn.support\/?page_id=30","title":{"rendered":"Unterst\u00fctzen"},"content":{"rendered":"\n<p>Vielen Dank f\u00fcr Ihr Interesse an unserer Spendenseite. Man muss nicht Mitglied werden, um zu helfen. Ideen und Tatkraft oder individuelle Geldspenden helfen dem F\u00f6rderverein bei der Umsetzung unterschiedlichster Projekte und kommen damit der Kita und vor allem den Kindern zu 100% zu Gute.<\/p>\n\n\n\n<p>Jeder Cent hilft uns, den Kindern das Spielen, das Lernen und das Weiterentwickeln in der KiTa,&nbsp;zus\u00e4tzlich zu der optimalen Betreuung durch die Erzieherinnen und Erzieher, zu erm\u00f6glichen.<\/p>\n\n\n\n<p>Gerne stellen wir eine Best\u00e4tigung \u00fcber Ihre Zuwendung aus.<\/p>\n\n\n\n<p>Ihre Spende k\u00f6nnen Sie steuerlich geltend machen, da unser Verein ausschlie\u00dflich gemeinn\u00fctzige Zwecke verfolgt.<\/p>\n\n\n\n<p>Bitte melden Sie sich per Email an <a href=\"mailto:kontakt@loewenzahn.support\">kontakt@loewenzahn.support<\/a> , wenn Sie eine Spendenbescheinigung w\u00fcnschen!<\/p>\n\n\n\n<p>Vielen Dank!<\/p>\n","protected":false},"excerpt":{"rendered":"<p>Vielen Dank f\u00fcr Ihr Interesse an unserer Spendenseite. Man muss nicht Mitglied werden, um zu [&hellip;]<\/p>\n","protected":false},"author":1,"featured_media":0,"parent":0,"menu_order":0,"comment_status":"closed","ping_status":"closed","template":"","meta":[],"_links":{"self":[{"href":"https:\/\/loewenzahn.support\/index.php?rest_route=\/wp\/v2\/pages\/30"}],"collection":[{"href":"https:\/\/loewenzahn.support\/index.php?rest_route=\/wp\/v2\/pages"}],"about":[{"href":"https:\/\/loewenzahn.support\/index.php?rest_route=\/wp\/v2\/types\/page"}],"author":[{"embeddable":true,"href":"https:\/\/loewenzahn.support\/index.php?rest_route=\/wp\/v2\/users\/1"}],"replies":[{"embeddable":true,"href":"https:\/\/loewenzahn.support\/index.php?rest_route=%2Fwp%2Fv2%2Fcomments&post=30"}],"version-history":[{"count":3,"href":"https:\/\/loewenzahn.support\/index.php?rest_route=\/wp\/v2\/pages\/30\/revisions"}],"predecessor-version":[{"id":64,"href":"https:\/\/loewenzahn.support\/index.php?rest_route=\/wp\/v2\/pages\/30\/revisions\/64"}],"wp:attachment":[{"href":"https:\/\/loewenzahn.support\/index.php?rest_route=%2Fwp%2Fv2%2Fmedia&parent=30"}],"curies":[{"name":"wp","href":"https:\/\/api.w.org\/{rel}","templated":true}]}}