{"id":2,"date":"2016-05-10T03:48:21","date_gmt":"2016-05-10T03:48:21","guid":{"rendered":"https:\/\/loewenzahn.support\/?page_id=2"},"modified":"2023-01-22T12:49:59","modified_gmt":"2023-01-22T12:49:59","slug":"sample-page","status":"publish","type":"page","link":"https:\/\/loewenzahn.support\/?page_id=2","title":{"rendered":"Impressum"},"content":{"rendered":"<h1><\/h1>\n<h2>Angaben gem\u00e4\u00df \u00a7 5 TMG<\/h2>\n<p>F\u00f6rderverein der KiTa L\u00f6wenzahn Altenstadt e.V.<br \/>\nT\u00f6pferstr. 64<br \/>\nc\/o Claus-Stephan Zink<br \/>\n63674 Altenstadt<\/p>\n<p>Vereinsregister: VR 2962<br \/>\nRegistergericht: Amtsgericht Friedberg<\/p>\n<p><strong>Vertreten durch:<\/strong><br \/>\nClaus-Stephan Zink<\/p>\n<h2>Kontakt<\/h2>\n<p>E-Mail: kontakt@loewenzahn.support<\/p>\n<h2>Redaktionell verantwortlich<\/h2>\n<p>Claus-Stephan Zink, T\u00f6pferstra\u00dfe 64, 63674 Altenstadt<\/p>\n<h2>Verbraucher\u00adstreit\u00adbeilegung\/Universal\u00adschlichtungs\u00adstelle<\/h2>\n<p>Wir sind nicht bereit oder verpflichtet, an Streitbeilegungsverfahren vor einer Verbraucherschlichtungsstelle teilzunehmen.<\/p>\n<p>Quelle: <a href=\"https:\/\/www.e-recht24.de\/impressum-generator.html\">https:\/\/www.e-recht24.de\/impressum-generator.html<\/a><\/p>\n","protected":false},"excerpt":{"rendered":"<p>Angaben gem\u00e4\u00df \u00a7 5 TMG F\u00f6rderverein der KiTa L\u00f6wenzahn Altenstadt e.V. T\u00f6pferstr. 64 c\/o Claus-Stephan [&hellip;]<\/p>\n","protected":false},"author":1,"featured_media":0,"parent":0,"menu_order":0,"comment_status":"closed","ping_status":"open","template":"","meta":[],"_links":{"self":[{"href":"https:\/\/loewenzahn.support\/index.php?rest_route=\/wp\/v2\/pages\/2"}],"collection":[{"href":"https:\/\/loewenzahn.support\/index.php?rest_route=\/wp\/v2\/pages"}],"about":[{"href":"https:\/\/loewenzahn.support\/index.php?rest_route=\/wp\/v2\/types\/page"}],"author":[{"embeddable":true,"href":"https:\/\/loewenzahn.support\/index.php?rest_route=\/wp\/v2\/users\/1"}],"replies":[{"embeddable":true,"href":"https:\/\/loewenzahn.support\/index.php?rest_route=%2Fwp%2Fv2%2Fcomments&post=2"}],"version-history":[{"count":4,"href":"https:\/\/loewenzahn.support\/index.php?rest_route=\/wp\/v2\/pages\/2\/revisions"}],"predecessor-version":[{"id":96,"href":"https:\/\/loewenzahn.support\/index.php?rest_route=\/wp\/v2\/pages\/2\/revisions\/96"}],"wp:attachment":[{"href":"https:\/\/loewenzahn.support\/index.php?rest_route=%2Fwp%2Fv2%2Fmedia&parent=2"}],"curies":[{"name":"wp","href":"https:\/\/api.w.org\/{rel}","templated":true}]}}